{"id":54189,"date":"2025-01-27T17:16:19","date_gmt":"2025-01-27T17:16:19","guid":{"rendered":"https:\/\/temafinefoods.luna.wux.dev\/verkoper-binnendienst-m-v\/"},"modified":"2025-01-27T17:16:20","modified_gmt":"2025-01-27T17:16:20","slug":"verkoper-binnendienst-m-v","status":"publish","type":"page","link":"https:\/\/temafinefoods.luna.wux.dev\/nl\/verkoper-binnendienst-m-v\/","title":{"rendered":"Verkoper binnendienst (m\/v)"},"content":{"rendered":"\t\t<div data-elementor-type=\"wp-page\" data-elementor-id=\"54189\" class=\"elementor elementor-54189 elementor-53651\" data-elementor-post-type=\"page\">\n\t\t\t\t<div class=\"elementor-element elementor-element-94e1aef e-flex e-con-boxed e-con e-parent\" data-id=\"94e1aef\" data-element_type=\"container\">\n\t\t\t\t\t<div class=\"e-con-inner\">\n\t\t\t\t<div class=\"elementor-element elementor-element-5e27fc8 elementor-widget elementor-widget-text-editor\" data-id=\"5e27fc8\" data-element_type=\"widget\" data-widget_type=\"text-editor.default\">\n\t\t\t\t<div class=\"elementor-widget-container\">\n\t\t\t\t\t\t\t\t\t<div class=\"elementor-element elementor-element-ed833c7 e-flex e-con-boxed e-con e-parent e-lazyloaded\" data-id=\"ed833c7\" data-element_type=\"container\">\r\n<div class=\"e-con-inner\">\r\n<div class=\"elementor-element elementor-element-09ebaf6 elementor-widget elementor-widget-text-editor\" data-id=\"09ebaf6\" data-element_type=\"widget\" data-widget_type=\"text-editor.default\">\r\n<div class=\"elementor-widget-container\"><section class=\"\" role=\"job.description\">\r\n<div class=\"expander-wrapper\">\r\n<h3>Functieomschrijving<\/h3>\r\n<div>\r\n\r\nVoor onze verkoop binnendienst afdeling zoeken wij nieuwe medewerkers.\u00a0Het takenpakket bestaat o.a. uit:\r\n<ul>\r\n \t<li>Contactpersoon voor onze klanten;<\/li>\r\n \t<li>Aannemen orders per telefoon, mail, webshop of van bezoekende klanten;<\/li>\r\n \t<li>Opstellen offertes;<\/li>\r\n \t<li>Verwerken orders in ERP systeem;<\/li>\r\n \t<li>Ondersteuning van commercieel manager;<\/li>\r\n \t<li>Benaderen nieuwe klanten.<\/li>\r\n<\/ul>\r\n<strong><em>Wat bieden we je?<\/em><\/strong>\r\n\r\nEen zeer uitdagende en veelzijdige functie met een prima salaris, afgestemd op de functie, maar ook op de kennis en ervaring die de kandidaat meebrengt. Er is volop ruimte voor eigen invulling en initiatief en daarmee voor persoonlijke ontwikkeling.\r\n\r\n<\/div>\r\n<\/div>\r\n<\/section><section class=\"\" role=\"job.requirements\">\r\n<div class=\"expander-wrapper\">\r\n<h3>Functie-eisen<\/h3>\r\n<div>\r\n<ul>\r\n \t<li>Minimaal MBO diploma met 2 jaar commerci\u00eble ervaring;<\/li>\r\n \t<li>Goed onder druk kunnen werken;<\/li>\r\n \t<li>Sterke persoonlijkheid met passie voor het verkoop vak;<\/li>\r\n \t<li>Communicatief vaardig in woord- en geschrift in\u00a0Nederlands (vereiste),\u00a0Engels (vereiste), Turks\/Arabisch (\u00e9\u00e9n van beide is een vereiste), Duits (pr\u00e9);<\/li>\r\n \t<li>Ervaring met ERP-systemen. SAP B1 is een pr\u00e9;<\/li>\r\n \t<li>Ervaring met Word en Excel;<\/li>\r\n \t<li>Kennis van en affiniteit met Arabische levensmiddelen is een pr\u00e9.<\/li>\r\n<\/ul>\r\n<\/div>\r\n<\/div>\r\n<\/section><\/div>\r\n<\/div>\r\n<\/div>\r\n<\/div>\r\n<div class=\"elementor-element elementor-element-c774a47 e-flex e-con-boxed e-con e-parent e-lazyloaded\" data-id=\"c774a47\" data-element_type=\"container\">\r\n<div class=\"e-con-inner\">\r\n<div class=\"elementor-element elementor-element-6845cf7 elementor-widget elementor-widget-heading\" data-id=\"6845cf7\" data-element_type=\"widget\" data-widget_type=\"heading.default\">\r\n<div class=\"elementor-widget-container\">\r\n<h2 class=\"elementor-heading-title elementor-size-default\">Stuur ons uw sollicitatie<\/h2>\r\n<\/div>\r\n<\/div>\r\n<div class=\"elementor-element elementor-element-fd0554b elementor-widget elementor-widget-text-editor\" data-id=\"fd0554b\" data-element_type=\"widget\" data-widget_type=\"text-editor.default\"><\/div>\r\n<\/div>\r\n<\/div>\t\t\t\t\t\t\t\t<\/div>\n\t\t\t\t<\/div>\n\t\t\t\t<div class=\"elementor-element elementor-element-b262e6b elementor-widget elementor-widget-shortcode\" data-id=\"b262e6b\" data-element_type=\"widget\" data-widget_type=\"shortcode.default\">\n\t\t\t\t<div class=\"elementor-widget-container\">\n\t\t\t\t\t\t\t<div class=\"elementor-shortcode\">\n<div class=\"wpcf7 no-js\" id=\"wpcf7-f17298-o1\" lang=\"en-US\" dir=\"ltr\">\n<div class=\"screen-reader-response\"><p role=\"status\" aria-live=\"polite\" aria-atomic=\"true\"><\/p> <ul><\/ul><\/div>\n<form action=\"\/nl\/wp-json\/wp\/v2\/pages\/54189#wpcf7-f17298-o1\" method=\"post\" class=\"wpcf7-form init\" aria-label=\"Contact form\" enctype=\"multipart\/form-data\" novalidate=\"novalidate\" data-status=\"init\">\n<div style=\"display: none;\">\n<input type=\"hidden\" name=\"_wpcf7\" value=\"17298\" \/>\n<input type=\"hidden\" name=\"_wpcf7_version\" value=\"5.9.8\" \/>\n<input type=\"hidden\" name=\"_wpcf7_locale\" value=\"en_US\" \/>\n<input type=\"hidden\" name=\"_wpcf7_unit_tag\" value=\"wpcf7-f17298-o1\" \/>\n<input type=\"hidden\" name=\"_wpcf7_container_post\" value=\"0\" \/>\n<input type=\"hidden\" name=\"_wpcf7_posted_data_hash\" value=\"\" \/>\n<input type=\"hidden\" name=\"_wpcf7_recaptcha_response\" value=\"\" \/>\n<\/div>\n<p><span class=\"wpcf7-form-control-wrap\" data-name=\"your-name\"><input size=\"40\" maxlength=\"400\" class=\"wpcf7-form-control wpcf7-text wpcf7-validates-as-required\" aria-required=\"true\" aria-invalid=\"false\" placeholder=\"Naam\" value=\"\" type=\"text\" name=\"your-name\" \/><\/span>\n<\/p>\n<p><span class=\"wpcf7-form-control-wrap\" data-name=\"your-email\"><input size=\"40\" maxlength=\"400\" class=\"wpcf7-form-control wpcf7-email wpcf7-validates-as-required wpcf7-text wpcf7-validates-as-email\" aria-required=\"true\" aria-invalid=\"false\" placeholder=\"Email\" value=\"\" type=\"email\" name=\"your-email\" \/><\/span>\n<\/p>\n<p><span class=\"wpcf7-form-control-wrap\" data-name=\"your-tel\"><input size=\"40\" maxlength=\"400\" class=\"wpcf7-form-control wpcf7-text wpcf7-validates-as-required\" aria-required=\"true\" aria-invalid=\"false\" placeholder=\"Telefoon\" value=\"\" type=\"text\" name=\"your-tel\" \/><\/span>\n<\/p>\n<p><span class=\"wpcf7-form-control-wrap\" data-name=\"your-subject\"><input size=\"40\" maxlength=\"400\" class=\"wpcf7-form-control wpcf7-text\" aria-invalid=\"false\" placeholder=\"Onderwerp\" value=\"\" type=\"text\" name=\"your-subject\" \/><\/span>\n<\/p>\n<p>CV <span class=\"wpcf7-form-control-wrap\" data-name=\"file-497\"><input size=\"40\" class=\"wpcf7-form-control wpcf7-file wpcf7-validates-as-required\" accept=\".doc,.docx,.pdf\" aria-required=\"true\" aria-invalid=\"false\" type=\"file\" name=\"file-497\" \/><\/span>\n<\/p>\n<p><span class=\"wpcf7-form-control-wrap\" data-name=\"your-message\"><textarea cols=\"40\" rows=\"10\" maxlength=\"2000\" class=\"wpcf7-form-control wpcf7-textarea wpcf7-validates-as-required\" aria-required=\"true\" aria-invalid=\"false\" placeholder=\"Uw motivatie\" name=\"your-message\"><\/textarea><\/span>\n<\/p>\n\n<p><input class=\"wpcf7-form-control wpcf7-submit has-spinner\" type=\"submit\" value=\"Verstuur\" \/>\n<\/p><div class=\"wpcf7-response-output\" aria-hidden=\"true\"><\/div>\n<\/form>\n<\/div>\n<\/div>\n\t\t\t\t\t\t<\/div>\n\t\t\t\t<\/div>\n\t\t\t\t\t<\/div>\n\t\t\t\t<\/div>\n\t\t\t\t<\/div>\n\t\t","protected":false},"excerpt":{"rendered":"<p>Functieomschrijving Voor onze verkoop binnendienst afdeling zoeken wij nieuwe medewerkers.\u00a0Het takenpakket bestaat o.a. uit: Contactpersoon voor onze klanten; Aannemen orders per telefoon, mail, webshop of van bezoekende klanten; Opstellen offertes; Verwerken orders in ERP systeem; Ondersteuning van commercieel manager; Benaderen nieuwe klanten. Wat bieden we je? Een zeer uitdagende en veelzijdige functie met een prima [&hellip;]<\/p>\n","protected":false},"author":1,"featured_media":0,"parent":0,"menu_order":0,"comment_status":"closed","ping_status":"closed","template":"","meta":{"_acf_changed":false,"footnotes":""},"class_list":["post-54189","page","type-page","status-publish","hentry","add-to-cart-ajax"],"acf":[],"_links":{"self":[{"href":"https:\/\/temafinefoods.luna.wux.dev\/nl\/wp-json\/wp\/v2\/pages\/54189","targetHints":{"allow":["GET"]}}],"collection":[{"href":"https:\/\/temafinefoods.luna.wux.dev\/nl\/wp-json\/wp\/v2\/pages"}],"about":[{"href":"https:\/\/temafinefoods.luna.wux.dev\/nl\/wp-json\/wp\/v2\/types\/page"}],"author":[{"embeddable":true,"href":"https:\/\/temafinefoods.luna.wux.dev\/nl\/wp-json\/wp\/v2\/users\/1"}],"replies":[{"embeddable":true,"href":"https:\/\/temafinefoods.luna.wux.dev\/nl\/wp-json\/wp\/v2\/comments?post=54189"}],"version-history":[{"count":1,"href":"https:\/\/temafinefoods.luna.wux.dev\/nl\/wp-json\/wp\/v2\/pages\/54189\/revisions"}],"predecessor-version":[{"id":54190,"href":"https:\/\/temafinefoods.luna.wux.dev\/nl\/wp-json\/wp\/v2\/pages\/54189\/revisions\/54190"}],"wp:attachment":[{"href":"https:\/\/temafinefoods.luna.wux.dev\/nl\/wp-json\/wp\/v2\/media?parent=54189"}],"curies":[{"name":"wp","href":"https:\/\/api.w.org\/{rel}","templated":true}]}}