{"id":22501,"date":"2013-03-04T11:31:41","date_gmt":"2013-03-04T11:31:41","guid":{"rendered":"https:\/\/temafinefoods.luna.wux.dev\/about-us\/"},"modified":"2018-04-06T08:49:22","modified_gmt":"2018-04-06T08:49:22","slug":"uber-uns","status":"publish","type":"page","link":"https:\/\/temafinefoods.luna.wux.dev\/de\/uber-uns\/","title":{"rendered":"\u00dcber uns"},"content":{"rendered":"<p>[spb_revslider revslider_shortcode=&#8220;home-de&#8220; width=&#8220;1\/1&#8243; el_position=&#8220;first last&#8220;] [spb_row wrap_type=&#8220;content-width&#8220; row_bg_type=&#8220;color&#8220; color_row_height=&#8220;content-height&#8220; bg_image=&#8220;13980&#8243; bg_type=&#8220;cover&#8220; parallax_image_height=&#8220;content-height&#8220; parallax_image_movement=&#8220;scroll&#8220; parallax_image_speed=&#8220;0.5&#8243; parallax_video_height=&#8220;window-height&#8220; parallax_video_overlay=&#8220;none&#8220; row_overlay_opacity=&#8220;0&#8243; row_padding_vertical=&#8220;0&#8243; row_padding_horizontal=&#8220;0&#8243; row_margin_vertical=&#8220;0&#8243; remove_element_spacing=&#8220;yes&#8220; vertical_center=&#8220;true&#8220; inner_column_height=&#8220;col-natural&#8220; row_expanding=&#8220;no&#8220; row_el_class=&#8220;about-us-row&#8220; width=&#8220;1\/1&#8243; el_position=&#8220;first last&#8220;] [spb_column width=&#8220;1\/2&#8243; el_position=&#8220;first&#8220;] [spb_text_block title=&#8220;Tema Fine Foods&#8220; pb_margin_bottom=&#8220;no&#8220; pb_border_bottom=&#8220;no&#8220; el_class=&#8220;about-us&#8220; width=&#8220;1\/1&#8243; el_position=&#8220;first last&#8220;]<\/p>\n<h3>Tema Fine Foods ist Ihr Partner f\u00fcr arabische und mediterrane Produkte<\/h3>\n<div style=\"margin-bottom: 17px; margin-top: 10px;\"><img decoding=\"async\" width=\"200\" height=\"199\" class=\"alignnone size-full wp-image-14337\" style=\"width: 80px; float: left; margin-right: 15px; padding-top: 6px;\" src=\"https:\/\/temafinefoods.luna.wux.dev\/wp-content\/uploads\/2013\/03\/Halal.png\" alt=\"Halal Certified\" srcset=\"https:\/\/temafinefoods.luna.wux.dev\/wp-content\/uploads\/2013\/03\/Halal.png 200w, https:\/\/temafinefoods.luna.wux.dev\/wp-content\/uploads\/2013\/03\/Halal-100x100.png 100w\" sizes=\"(max-width: 200px) 100vw, 200px\" \/>Dank unseres umfangreichen Netzwerkes k\u00f6nnen wir die besten Marken zu wettbewerbsf\u00e4higen Preisen zu liefern. Tema Fine Foods hat Exklusivit\u00e4t f\u00fcr eine Reihe von international bekannten Marken. Unsere Lieferanten haben einen ausgezeichneten Ruf, wenn es um Qualit\u00e4t geht. Alle unsere Fleischprodukte &#8222;Halal&#8220;.<\/div>\n<h3>Kundschaft<\/h3>\n<p>Der Kunde ist unsere Priorit\u00e4t. Sie sind das Bindeglied zwischen unseren Produkten und dem Verbraucher. Unser Ziel ist immer nachhaltig und wertvolle Beziehungen zu unseren Kunden aufzubauen.<\/p>\n<h3>Verteilung<\/h3>\n<p>Unsere Produkte machen oft eine lange Reise von unseren Lieferanten durch Tema Fine Foods zu unseren Kunden. Wir arbeiten mit spezialisierten Vertriebspartnern dieser Prozess laufen zu lassen und eine zuverl\u00e4ssige Versorgung der Kunden zu gew\u00e4hrleisten.<\/p>\n<p>[\/spb_text_block] [\/spb_column] [spb_column col_bg_type=&#8220;cover&#8220; col_parallax_image_movement=&#8220;fixed&#8220; col_parallax_image_speed=&#8220;0.5&#8243; col_padding=&#8220;0&#8243; col_el_class=&#8220;centercolumn international&#8220; width=&#8220;1\/2&#8243; el_position=&#8220;last&#8220;] [spb_text_block pb_margin_bottom=&#8220;no&#8220; pb_border_bottom=&#8220;no&#8220; el_class=&#8220;about-us about-us-right&#8220; width=&#8220;1\/1&#8243; el_position=&#8220;first last&#8220;]<\/p>\n<h3>Qualit\u00e4t<\/h3>\n<p>Unser Team HACCP (Hazard Analysis &amp; Critical Control Points) sorgt f\u00fcr eine pr\u00e4ventive Kontrollsystem. Unsere Produkte werden durch Abtasten in unabh\u00e4ngigen Labors getestet. Wir garantieren unseren Kunden Qualit\u00e4t und Hygiene und damit Produkte, die mit der europ\u00e4ischen Gesetzgebung entsprechen.<\/p>\n<h3>Erfahrung<\/h3>\n<p>Tema Fine Foods wurde im Jahr 2006 gegr\u00fcndet. Wir sind Jahren der gr\u00f6\u00dften europ\u00e4ischen Akteure im Bereich arabische und mediterrane Produkte zu importieren. Seit 2015 Oktober sind wir an unserem neuen Standort entfernt. Dies gibt uns die M\u00f6glichkeit, in Produkte zu erweitern und den Service f\u00fcr unsere Kunden zu verbessern.<\/p>\n<p>[\/spb_text_block] [\/spb_column] [\/spb_row] [spb_row wrap_type=&#8220;content-width&#8220; row_bg_type=&#8220;color&#8220; row_bg_color=&#8220;#fafafa&#8220; color_row_height=&#8220;content-height&#8220; bg_type=&#8220;cover&#8220; parallax_image_height=&#8220;content-height&#8220; parallax_image_movement=&#8220;fixed&#8220; parallax_image_speed=&#8220;0.5&#8243; parallax_video_height=&#8220;window-height&#8220; parallax_video_overlay=&#8220;none&#8220; row_overlay_opacity=&#8220;0&#8243; row_padding_vertical=&#8220;0&#8243; row_padding_horizontal=&#8220;0&#8243; row_margin_vertical=&#8220;0&#8243; remove_element_spacing=&#8220;no&#8220; vertical_center=&#8220;true&#8220; inner_column_height=&#8220;col-natural&#8220; row_expanding=&#8220;no&#8220; row_el_class=&#8220;dashed_row&#8220; width=&#8220;1\/1&#8243; el_position=&#8220;first last&#8220;] [blank_spacer height=&#8220;30px&#8220; width=&#8220;1\/1&#8243; el_position=&#8220;first last&#8220;] [spb_text_block title=&#8220;Wie wir <b>arbeiten<\/b>&#8220; pb_margin_bottom=&#8220;no&#8220; pb_border_bottom=&#8220;no&#8220; el_class=&#8220;how_we_work&#8220; width=&#8220;1\/2&#8243; el_position=&#8220;first last&#8220;][\/spb_text_block] [blank_spacer height=&#8220;0px&#8220; width=&#8220;1\/1&#8243; el_position=&#8220;first last&#8220;] [boxed_content type=&#8220;coloured&#8220; custom_bg_colour=&#8220;#d8e0e6&#8243; custom_text_colour=&#8220;#333333&#8243; pb_margin_bottom=&#8220;no&#8220; width=&#8220;1\/3&#8243; el_position=&#8220;first&#8220;]<\/p>\n<p><b>1.<\/b> Fragen Sie nach einem Angebot. Dies kann \u00fcber unsere Website, per Post, Telefon oder einer besuch Sie uns zu tun<\/p>\n<p>[\/boxed_content] [boxed_content type=&#8220;coloured&#8220; custom_bg_colour=&#8220;#d8e0e6&#8243; custom_text_colour=&#8220;#333333&#8243; pb_margin_bottom=&#8220;no&#8220; width=&#8220;1\/3&#8243;]<\/p>\n<p><b>2.<\/b> Nach dem Empfang von Ihre Anfrage geben wir Ihnen unser Angebot mit den besten Preisen und Bedingungen zu Ihnen<\/p>\n<p>[\/boxed_content] [boxed_content type=&#8220;coloured&#8220; custom_bg_colour=&#8220;#d8e0e6&#8243; custom_text_colour=&#8220;#333333&#8243; pb_margin_bottom=&#8220;no&#8220; width=&#8220;1\/3&#8243; el_position=&#8220;last&#8220;]<\/p>\n<p><b>3.<\/b> Nachdem das Angebot best\u00e4tigt haben, werden wir die Bestellung vorbereiten. Der Transport kann von uns oder von Ihnen selbst organisiert werden<\/p>\n<p>[\/boxed_content] [blank_spacer height=&#8220;30px&#8220; width=&#8220;1\/1&#8243; el_position=&#8220;first last&#8220;] [\/spb_row] [spb_row wrap_type=&#8220;content-width&#8220; row_bg_type=&#8220;color&#8220; color_row_height=&#8220;content-height&#8220; bg_type=&#8220;cover&#8220; parallax_image_height=&#8220;content-height&#8220; parallax_image_movement=&#8220;fixed&#8220; parallax_image_speed=&#8220;0.5&#8243; parallax_video_height=&#8220;window-height&#8220; parallax_video_overlay=&#8220;none&#8220; row_overlay_opacity=&#8220;0&#8243; row_padding_vertical=&#8220;0&#8243; row_padding_horizontal=&#8220;0&#8243; row_margin_vertical=&#8220;0&#8243; remove_element_spacing=&#8220;no&#8220; vertical_center=&#8220;true&#8220; inner_column_height=&#8220;col-natural&#8220; row_expanding=&#8220;no&#8220; width=&#8220;1\/1&#8243; el_position=&#8220;first last&#8220;] [clients item_count=&#8220;100&#8243; category=&#8220;All&#8220; random=&#8220;no&#8220; pagination=&#8220;no&#8220; width=&#8220;1\/1&#8243; el_position=&#8220;first last&#8220;] [\/spb_row]<\/p>\n","protected":false},"excerpt":{"rendered":"<p>[spb_revslider revslider_shortcode=&#8220;home-de&#8220; width=&#8220;1\/1&#8243; el_position=&#8220;first last&#8220;] [spb_row wrap_type=&#8220;content-width&#8220; row_bg_type=&#8220;color&#8220; color_row_height=&#8220;content-height&#8220; bg_image=&#8220;13980&#8243; bg_type=&#8220;cover&#8220; parallax_image_height=&#8220;content-height&#8220; parallax_image_movement=&#8220;scroll&#8220; parallax_image_speed=&#8220;0.5&#8243; parallax_video_height=&#8220;window-height&#8220; parallax_video_overlay=&#8220;none&#8220; row_overlay_opacity=&#8220;0&#8243; row_padding_vertical=&#8220;0&#8243; row_padding_horizontal=&#8220;0&#8243; row_margin_vertical=&#8220;0&#8243; remove_element_spacing=&#8220;yes&#8220; vertical_center=&#8220;true&#8220; inner_column_height=&#8220;col-natural&#8220; row_expanding=&#8220;no&#8220; row_el_class=&#8220;about-us-row&#8220; width=&#8220;1\/1&#8243; el_position=&#8220;first last&#8220;] [spb_column width=&#8220;1\/2&#8243; el_position=&#8220;first&#8220;] [spb_text_block title=&#8220;Tema Fine Foods&#8220; pb_margin_bottom=&#8220;no&#8220; pb_border_bottom=&#8220;no&#8220; el_class=&#8220;about-us&#8220; width=&#8220;1\/1&#8243; el_position=&#8220;first last&#8220;] Tema Fine Foods ist Ihr Partner f\u00fcr arabische und mediterrane Produkte Dank unseres umfangreichen [&hellip;]<\/p>\n","protected":false},"author":1,"featured_media":0,"parent":0,"menu_order":0,"comment_status":"open","ping_status":"closed","template":"elementor_header_footer","meta":{"_acf_changed":false,"footnotes":""},"class_list":["post-22501","page","type-page","status-publish","hentry","add-to-cart-ajax"],"acf":[],"_links":{"self":[{"href":"https:\/\/temafinefoods.luna.wux.dev\/de\/wp-json\/wp\/v2\/pages\/22501","targetHints":{"allow":["GET"]}}],"collection":[{"href":"https:\/\/temafinefoods.luna.wux.dev\/de\/wp-json\/wp\/v2\/pages"}],"about":[{"href":"https:\/\/temafinefoods.luna.wux.dev\/de\/wp-json\/wp\/v2\/types\/page"}],"author":[{"embeddable":true,"href":"https:\/\/temafinefoods.luna.wux.dev\/de\/wp-json\/wp\/v2\/users\/1"}],"replies":[{"embeddable":true,"href":"https:\/\/temafinefoods.luna.wux.dev\/de\/wp-json\/wp\/v2\/comments?post=22501"}],"version-history":[{"count":0,"href":"https:\/\/temafinefoods.luna.wux.dev\/de\/wp-json\/wp\/v2\/pages\/22501\/revisions"}],"wp:attachment":[{"href":"https:\/\/temafinefoods.luna.wux.dev\/de\/wp-json\/wp\/v2\/media?parent=22501"}],"curies":[{"name":"wp","href":"https:\/\/api.w.org\/{rel}","templated":true}]}}