{"id":22498,"date":"2013-03-01T15:45:44","date_gmt":"2013-03-01T15:45:44","guid":{"rendered":"https:\/\/temafinefoods.luna.wux.dev\/home\/"},"modified":"2018-04-06T08:42:21","modified_gmt":"2018-04-06T08:42:21","slug":"home","status":"publish","type":"page","link":"https:\/\/temafinefoods.luna.wux.dev\/de\/","title":{"rendered":"Home"},"content":{"rendered":"<p>[spb_revslider revslider_shortcode=&#8220;home-de&#8220; width=&#8220;1\/1&#8243; el_position=&#8220;first last&#8220;] [spb_row wrap_type=&#8220;full-width&#8220; row_bg_type=&#8220;color&#8220; color_row_height=&#8220;content-height&#8220; bg_type=&#8220;cover&#8220; parallax_image_height=&#8220;content-height&#8220; parallax_image_movement=&#8220;fixed&#8220; parallax_image_speed=&#8220;0.5&#8243; parallax_video_height=&#8220;window-height&#8220; parallax_video_overlay=&#8220;none&#8220; row_overlay_opacity=&#8220;0&#8243; row_padding_vertical=&#8220;0&#8243; row_padding_horizontal=&#8220;0&#8243; row_margin_vertical=&#8220;0&#8243; remove_element_spacing=&#8220;no&#8220; vertical_center=&#8220;true&#8220; inner_column_height=&#8220;col-natural&#8220; row_expanding=&#8220;no&#8220; row_el_class=&#8220;mobile-only horizontal-align&#8220; width=&#8220;1\/1&#8243; el_position=&#8220;first last&#8220;] [blank_spacer height=&#8220;20px&#8220; width=&#8220;1\/1&#8243; el_position=&#8220;first last&#8220;] [spb_text_block pb_margin_bottom=&#8220;no&#8220; pb_border_bottom=&#8220;no&#8220; el_class=&#8220;tff&#8220; width=&#8220;1\/1&#8243; el_position=&#8220;first last&#8220;]<\/p>\n<p>[button colour=&#8220;accent&#8220; type=&#8220;squarearrow&#8220; size=&#8220;large&#8220; link=&#8220;assortiment&#8220; target=&#8220;_self]Zur Sortiment[\/button]<\/p>\n<p>[\/spb_text_block] [blank_spacer height=&#8220;20px&#8220; width=&#8220;1\/1&#8243; el_position=&#8220;first last&#8220;] [\/spb_row] [spb_row wrap_type=&#8220;content-width&#8220; row_bg_type=&#8220;color&#8220; row_bg_color=&#8220;#ffffff&#8220; color_row_height=&#8220;content-height&#8220; bg_type=&#8220;cover&#8220; parallax_image_height=&#8220;content-height&#8220; parallax_image_movement=&#8220;fixed&#8220; parallax_image_speed=&#8220;0.5&#8243; parallax_video_height=&#8220;window-height&#8220; parallax_video_overlay=&#8220;none&#8220; row_overlay_opacity=&#8220;0&#8243; row_padding_vertical=&#8220;0&#8243; row_padding_horizontal=&#8220;0&#8243; row_margin_vertical=&#8220;0&#8243; remove_element_spacing=&#8220;no&#8220; vertical_center=&#8220;true&#8220; inner_column_height=&#8220;col-natural&#8220; row_expanding=&#8220;no&#8220; row_el_class=&#8220;clientsrow&#8220; width=&#8220;1\/1&#8243; el_position=&#8220;first last&#8220;] [clients item_count=&#8220;100&#8243; category=&#8220;All&#8220; random=&#8220;no&#8220; pagination=&#8220;no&#8220; width=&#8220;1\/1&#8243; el_position=&#8220;first last&#8220;] [\/spb_row] [blank_spacer height=&#8220;40px&#8220; width=&#8220;1\/1&#8243; el_position=&#8220;first last&#8220;] [spb_column width=&#8220;1\/2&#8243; el_position=&#8220;first&#8220;] [spb_text_block title=&#8220;<b>Willkommen bei<\/b> Tema Fine Foods&#8220; pb_margin_bottom=&#8220;no&#8220; pb_border_bottom=&#8220;no&#8220; width=&#8220;1\/1&#8243; el_position=&#8220;first last&#8220;]<\/p>\n<div style=\"margin-bottom: 17px; margin-top: 10px;\"><img decoding=\"async\" width=\"200\" height=\"199\" class=\"alignnone size-full wp-image-14337\" style=\"width: 80px; float: left; margin-right: 15px; padding-top: 6px;\" src=\"https:\/\/temafinefoods.luna.wux.dev\/wp-content\/uploads\/2013\/03\/Halal.png\" alt=\"Halal Certified\" srcset=\"https:\/\/temafinefoods.luna.wux.dev\/wp-content\/uploads\/2013\/03\/Halal.png 200w, https:\/\/temafinefoods.luna.wux.dev\/wp-content\/uploads\/2013\/03\/Halal-100x100.png 100w\" sizes=\"(max-width: 200px) 100vw, 200px\" \/>Tema Fine Foods ist ein Importeur von Arabischen und Mediterranen Produkten (mehr als 600 Artikel) und ist gegr\u00fcndet in den Niederlanden. Wir sind der exklusive Lieferant von vielen bekannten Marken. Alle unsere Fleischprodukte sind &#8222;Halal&#8220;.<\/div>\n<p>Durch unsere Vertriebskan\u00e4le stellen wir sicher, eine schnelle und p\u00fcnktliche Lieferung in alle L\u00e4nder in Europa. Wir bieten die besten Preise f\u00fcr den Transport. Allerdings k\u00f6nnen die Kunden die Ware selbst abholen.<\/p>\n<p>[\/spb_text_block] [\/spb_column] [spb_column width=&#8220;1\/2&#8243; el_position=&#8220;last&#8220;] [spb_video title=&#8220;<b>Meet<\/b> Tema Fine Foods&#8220; link=&#8220;https:\/\/www.youtube.com\/watch?v=2zhlyF-u2h0&#8243; full_width=&#8220;no&#8220; width=&#8220;1\/1&#8243; el_position=&#8220;first last&#8220;] [\/spb_column] [blank_spacer height=&#8220;40px&#8220; width=&#8220;1\/1&#8243; el_position=&#8220;first last&#8220;] [spb_row wrap_type=&#8220;content-width&#8220; row_bg_type=&#8220;color&#8220; row_bg_color=&#8220;#fafafa&#8220; color_row_height=&#8220;content-height&#8220; bg_image=&#8220;12704&#8243; bg_type=&#8220;pattern&#8220; parallax_image_height=&#8220;content-height&#8220; parallax_image_movement=&#8220;fixed&#8220; parallax_image_speed=&#8220;0.5&#8243; parallax_video_height=&#8220;window-height&#8220; parallax_video_overlay=&#8220;none&#8220; row_overlay_opacity=&#8220;0&#8243; row_padding_vertical=&#8220;0&#8243; row_padding_horizontal=&#8220;0&#8243; row_margin_vertical=&#8220;0&#8243; remove_element_spacing=&#8220;no&#8220; vertical_center=&#8220;true&#8220; inner_column_height=&#8220;col-natural&#8220; row_expanding=&#8220;no&#8220; row_el_class=&#8220;offerterow&#8220; width=&#8220;1\/1&#8243; el_position=&#8220;first last&#8220;] [blank_spacer height=&#8220;24px&#8220; width=&#8220;1\/1&#8243; el_position=&#8220;first last&#8220;] [spb_column width=&#8220;2\/3&#8243; el_position=&#8220;first&#8220;] [spb_text_block pb_margin_bottom=&#8220;no&#8220; pb_border_bottom=&#8220;no&#8220; el_class=&#8220;offertetext&#8220; width=&#8220;1\/1&#8243; el_position=&#8220;first last&#8220;]<\/p>\n<h4>Fordern Sie ein Angebot<\/h4>\n<p>\u00dcber unsere Website k\u00f6nnen Sie unseren Katalog ansehen und fordern Sie ein Angebot f\u00fcr Produkte, die Sie interessieren. Nachdem Sie Ihre Anfrage abgesendet haben, werden wir so schnell wie m\u00f6glich Kontakt mit Ihnen nehmen mit einem Angebot.<\/p>\n<p>[\/spb_text_block] [\/spb_column] [spb_column col_bg_type=&#8220;cover&#8220; col_parallax_image_movement=&#8220;fixed&#8220; col_parallax_image_speed=&#8220;0.5&#8243; col_padding=&#8220;0&#8243; col_el_class=&#8220;centercolumn&#8220; width=&#8220;1\/3&#8243; el_position=&#8220;last&#8220;] [blank_spacer height=&#8220;25px&#8220; width=&#8220;1\/1&#8243; el_position=&#8220;first last&#8220;] [spb_text_block pb_margin_bottom=&#8220;no&#8220; pb_border_bottom=&#8220;no&#8220; el_class=&#8220;tff&#8220; width=&#8220;1\/1&#8243; el_position=&#8220;first last&#8220;]<\/p>\n<p>[button colour=&#8220;accent&#8220; type=&#8220;squarearrow&#8220; size=&#8220;large&#8220; link=&#8220;sortiment&#8220; target=&#8220;_self]Zur Sortiment[\/button]<\/p>\n<p>[\/spb_text_block] [\/spb_column] [\/spb_row] [blank_spacer height=&#8220;40px&#8220; width=&#8220;1\/1&#8243; el_position=&#8220;first last&#8220;] [spb_products title=&#8220;Special Offers&#8220; asset_type=&#8220;latest-products&#8220; category=&#8220;special-offers&#8220; carousel=&#8220;yes&#8220; product_size=&#8220;mini&#8220; item_count=&#8220;16&#8243; width=&#8220;1\/1&#8243; el_position=&#8220;first last&#8220;] [blank_spacer height=&#8220;70px&#8220; width=&#8220;1\/1&#8243; el_position=&#8220;first last&#8220;]<\/p>\n","protected":false},"excerpt":{"rendered":"<p>[spb_revslider revslider_shortcode=&#8220;home-de&#8220; width=&#8220;1\/1&#8243; el_position=&#8220;first last&#8220;] [spb_row wrap_type=&#8220;full-width&#8220; row_bg_type=&#8220;color&#8220; color_row_height=&#8220;content-height&#8220; bg_type=&#8220;cover&#8220; parallax_image_height=&#8220;content-height&#8220; parallax_image_movement=&#8220;fixed&#8220; parallax_image_speed=&#8220;0.5&#8243; parallax_video_height=&#8220;window-height&#8220; parallax_video_overlay=&#8220;none&#8220; row_overlay_opacity=&#8220;0&#8243; row_padding_vertical=&#8220;0&#8243; row_padding_horizontal=&#8220;0&#8243; row_margin_vertical=&#8220;0&#8243; remove_element_spacing=&#8220;no&#8220; vertical_center=&#8220;true&#8220; inner_column_height=&#8220;col-natural&#8220; row_expanding=&#8220;no&#8220; row_el_class=&#8220;mobile-only horizontal-align&#8220; width=&#8220;1\/1&#8243; el_position=&#8220;first last&#8220;] [blank_spacer height=&#8220;20px&#8220; width=&#8220;1\/1&#8243; el_position=&#8220;first last&#8220;] [spb_text_block pb_margin_bottom=&#8220;no&#8220; pb_border_bottom=&#8220;no&#8220; el_class=&#8220;tff&#8220; width=&#8220;1\/1&#8243; el_position=&#8220;first last&#8220;] [button colour=&#8220;accent&#8220; type=&#8220;squarearrow&#8220; size=&#8220;large&#8220; link=&#8220;assortiment&#8220; target=&#8220;_self]Zur Sortiment[\/button] [\/spb_text_block] [blank_spacer height=&#8220;20px&#8220; width=&#8220;1\/1&#8243; el_position=&#8220;first last&#8220;] [\/spb_row] [spb_row [&hellip;]<\/p>\n","protected":false},"author":1,"featured_media":0,"parent":0,"menu_order":0,"comment_status":"open","ping_status":"closed","template":"elementor_header_footer","meta":{"_acf_changed":false,"footnotes":""},"class_list":["post-22498","page","type-page","status-publish","hentry","add-to-cart-ajax"],"acf":[],"_links":{"self":[{"href":"https:\/\/temafinefoods.luna.wux.dev\/de\/wp-json\/wp\/v2\/pages\/22498","targetHints":{"allow":["GET"]}}],"collection":[{"href":"https:\/\/temafinefoods.luna.wux.dev\/de\/wp-json\/wp\/v2\/pages"}],"about":[{"href":"https:\/\/temafinefoods.luna.wux.dev\/de\/wp-json\/wp\/v2\/types\/page"}],"author":[{"embeddable":true,"href":"https:\/\/temafinefoods.luna.wux.dev\/de\/wp-json\/wp\/v2\/users\/1"}],"replies":[{"embeddable":true,"href":"https:\/\/temafinefoods.luna.wux.dev\/de\/wp-json\/wp\/v2\/comments?post=22498"}],"version-history":[{"count":0,"href":"https:\/\/temafinefoods.luna.wux.dev\/de\/wp-json\/wp\/v2\/pages\/22498\/revisions"}],"wp:attachment":[{"href":"https:\/\/temafinefoods.luna.wux.dev\/de\/wp-json\/wp\/v2\/media?parent=22498"}],"curies":[{"name":"wp","href":"https:\/\/api.w.org\/{rel}","templated":true}]}}